{"id":89,"date":"2025-02-01T00:00:30","date_gmt":"2025-01-31T23:00:30","guid":{"rendered":"http:\/\/localhost:8888\/wordpress\/?page_id=89"},"modified":"2025-05-18T12:23:25","modified_gmt":"2025-05-18T10:23:25","slug":"landing","status":"publish","type":"page","link":"https:\/\/chat-manager.de\/","title":{"rendered":"Landing"},"content":{"rendered":"\n<h1 class=\"wp-block-heading\">Willkommen bei&nbsp;<strong>chat-manager.de<\/strong><\/h1>\n\n\n\n<p>Auf deiner Startseite kannst du dich ganz einfach in deine jeweiligen Chats einloggen.<\/p>\n\n\n\n<p>Mit diesem&nbsp;Chat-Manager&nbsp;beh\u00e4ltst du den \u00dcberblick \u00fcber deine Chat-Aktivit\u00e4ten \u2013 ganz unkompliziert und \u00fcbersichtlich. Ob du in verschiedenen Chats arbeitest oder den \u00dcberblick \u00fcber deine Leistungen behalten m\u00f6chtest: Unsere Plattform unterst\u00fctzt dich dabei, deine&nbsp;<strong>INS <\/strong>(eingehende Nachrichten)&nbsp;und&nbsp;<strong>OUTS <\/strong>(ausgehende Nachrichten)&nbsp;pr\u00e4zise zu erfassen und auszuwerten.<\/p>\n\n\n\n<p>Der Chat-Manager errechnet dir anhand deiner eingegeben Daten deinen Verdienst und zeigt dir das Ergebnis \u00fcbersichtlich in einer Tabelle pro Chat und in Summe. So kannst du ganz leicht deine Ziele selbst kontrollieren und ggf. nochmal etwas nachbessern.<\/p>\n\n\n\n<p>Der Chat-Manager sichert dir bis zum Abrechnungstag deine Zahlen und du hast einen Nachweis gegen\u00fcber dem Betreiber. Alles was du tun musst, ist, deine Zahlen <strong>wahrheitsgem\u00e4\u00df<\/strong> im Chat-Manager zu erfassen &#8211; am besten kontinuierlich jeden Tag. Erfasse also einfach jeden Tag die Gesamtzahl deiner INS und OUTS des jeweiligen Chats und \u00fcbertrage sie in deine gesicherten Tabelle. Sollte also ein Betreiber (wie schon oft geschehen) einmal ein Problem mit deinen Zahlen haben, so kannst du dich auf den Chat-Manager berufen und deine Zahlen vorlegen. <strong>Wer im Chat-Manager jedoch nachweislich falsche Angaben macht, wird in Folge der Zugang entzogen!<\/strong><\/p>\n\n\n\n<p>Am Monatsende werden deine Tabellen in der Nacht zum Folgemonat (zwischen 00:00 und 01:00 Uhr) automatisch per Backup gesichert und die Eingaben in den Tabellen des vorangegangenen Monats zwischen 01:00 und 02:00 Uhr gel\u00f6scht.<\/p>\n\n\n\n<div class=\"wp-block-buttons is-content-justification-center is-layout-flex wp-container-core-buttons-is-layout-a89b3969 wp-block-buttons-is-layout-flex\">\n<div class=\"wp-block-button has-custom-width wp-block-button__width-75 is-style-outline is-style-outline--1\"><a class=\"wp-block-button__link has-base-color has-vivid-cyan-blue-background-color has-text-color has-background has-link-color has-border-color has-medium-font-size has-text-align-center has-custom-font-size wp-element-button\" href=\"https:\/\/chat-manager.de\/wp-login.php?redirect_to=https%3A%2F%2Fchat-manager.de%2F\" style=\"border-color:#0693e3;border-radius:17px\"><strong>LOGIN<\/strong><\/a><\/div>\n<\/div>\n\n\n\n<div style=\"height:10px\" aria-hidden=\"true\" class=\"wp-block-spacer\"><\/div>\n\n\n\n<div class=\"wp-block-columns is-layout-flex wp-container-core-columns-is-layout-28f84493 wp-block-columns-is-layout-flex\">\n<div class=\"wp-block-column is-layout-flow wp-block-column-is-layout-flow\">\n<h4 class=\"wp-block-heading\">So funktioniert&#8217;s:<\/h4>\n\n\n\n<p>Du gibst einfach die Anzahl deiner geschriebenen oder erhaltenen Nachrichten pro Chat ein \u2013 wir \u00fcbernehmen den Rest. <strong><mark style=\"background-color:rgba(0, 0, 0, 0);color:#fcb900\" class=\"has-inline-color\">Achte darauf, dass du die Zahl beim richtigen Formular eingibst (INS \/ OUTS).<\/mark><\/strong><br>Unsere intelligente Auswertung berechnet automatisch den&nbsp;<strong>aktuellen Wert deiner Chat-Leistungen in Euro<\/strong>&nbsp;und stellt dir eine klare, transparente \u00dcbersicht bereit.<\/p>\n<\/div>\n\n\n\n<div class=\"wp-block-column is-layout-flow wp-block-column-is-layout-flow\">\n<h4 class=\"wp-block-heading\">Deine Vorteile auf einen Blick:<\/h4>\n\n\n\n<ul class=\"wp-block-list\">\n<li><strong>Einfacher<\/strong> Login bei deinen Chats<\/li>\n\n\n\n<li><strong>Einfache Verwaltung<\/strong>&nbsp;deiner Chat-Leistungen (INS &amp; OUTS)<\/li>\n\n\n\n<li><strong>Automatische Umrechnung<\/strong>\u00a0der Eintr\u00e4ge in einen Euro<\/li>\n\n\n\n<li><strong>Einfache Selbstkontrolle<\/strong> deiner Leistungen<\/li>\n\n\n\n<li><strong>Beleg deiner Zahlen<\/strong> gegen\u00fcber dem Betreiber bei Problemen<\/li>\n<\/ul>\n<\/div>\n<\/div>\n","protected":false},"excerpt":{"rendered":"<p>Willkommen bei&nbsp;chat-manager.de Auf deiner Startseite kannst du dich ganz einfach in deine jeweiligen Chats einloggen. Mit diesem&nbsp;Chat-Manager&nbsp;beh\u00e4ltst du den \u00dcberblick \u00fcber deine Chat-Aktivit\u00e4ten \u2013 ganz unkompliziert und \u00fcbersichtlich. Ob du in verschiedenen Chats arbeitest oder den \u00dcberblick \u00fcber deine Leistungen behalten m\u00f6chtest: Unsere Plattform unterst\u00fctzt dich dabei, deine&nbsp;INS (eingehende Nachrichten)&nbsp;und&nbsp;OUTS (ausgehende Nachrichten)&nbsp;pr\u00e4zise zu erfassen und &hellip; <a href=\"https:\/\/chat-manager.de\/\" class=\"more-link\">Weiterlesen<span class=\"screen-reader-text\"> &#8222;Landing&#8220;<\/span><\/a><\/p>\n","protected":false},"author":1,"featured_media":0,"parent":0,"menu_order":0,"comment_status":"closed","ping_status":"closed","template":"page-templates\/full-width-container.php","meta":{"pmpro_default_level":"","footnotes":""},"class_list":["post-89","page","type-page","status-publish","hentry","pmpro-has-access"],"jetpack_sharing_enabled":true,"_links":{"self":[{"href":"https:\/\/chat-manager.de\/index.php\/wp-json\/wp\/v2\/pages\/89","targetHints":{"allow":["GET"]}}],"collection":[{"href":"https:\/\/chat-manager.de\/index.php\/wp-json\/wp\/v2\/pages"}],"about":[{"href":"https:\/\/chat-manager.de\/index.php\/wp-json\/wp\/v2\/types\/page"}],"author":[{"embeddable":true,"href":"https:\/\/chat-manager.de\/index.php\/wp-json\/wp\/v2\/users\/1"}],"replies":[{"embeddable":true,"href":"https:\/\/chat-manager.de\/index.php\/wp-json\/wp\/v2\/comments?post=89"}],"version-history":[{"count":1,"href":"https:\/\/chat-manager.de\/index.php\/wp-json\/wp\/v2\/pages\/89\/revisions"}],"predecessor-version":[{"id":2486,"href":"https:\/\/chat-manager.de\/index.php\/wp-json\/wp\/v2\/pages\/89\/revisions\/2486"}],"wp:attachment":[{"href":"https:\/\/chat-manager.de\/index.php\/wp-json\/wp\/v2\/media?parent=89"}],"curies":[{"name":"wp","href":"https:\/\/api.w.org\/{rel}","templated":true}]}}